{"id":7,"date":"2020-04-30T10:53:23","date_gmt":"2020-04-30T08:53:23","guid":{"rendered":"http:\/\/www.beatlight.at\/start\/?page_id=7"},"modified":"2022-03-21T10:08:51","modified_gmt":"2022-03-21T09:08:51","slug":"start","status":"publish","type":"page","link":"https:\/\/www.beatlight.at\/start\/","title":{"rendered":"Professionelle Audio Licht Video und Multimedia System L\u00f6sungen"},"content":{"rendered":"\n<div class=\"wp-block-group alignfull has-primary-background-color has-background\"><div class=\"wp-block-group__inner-container is-layout-flow wp-block-group-is-layout-flow\">\n<div class=\"wp-block-columns alignwide is-layout-flex wp-container-core-columns-is-layout-1 wp-block-columns-is-layout-flex\">\n<div class=\"wp-block-column is-layout-flow wp-block-column-is-layout-flow\"><h5 class=\"fonts-plugin-block \" style=\"font-weight: normal\">Design und Entwicklung<\/h5>\n\n\n<p style=\"font-size:16px\">Wir passen unsere L\u00f6sung Ihren ganz individuellen Bed\u00fcrfnissen&nbsp;an.<\/p>\n\n\n\n<p style=\"font-size:16px\">Durch unsere Hauseigenen 3d Visualisierung mit Vectorworks sehen Sie bereits vorab zb das neue Lichtkonzept oder wie der Digital-Signage Monitor in Ihrer Location aussieht.<\/p>\n<\/div>\n\n\n\n<div class=\"wp-block-column is-layout-flow wp-block-column-is-layout-flow\"><h5 class=\"fonts-plugin-block \" style=\"font-weight: normal\">Installation und Integration<\/h5>\n\n\n<p style=\"font-size:16px\">Beatlight ist spezialisiert auf die Installation und Integration von Audio-, Video- und Beleuchtungssystemen f\u00fcr moderne Gewerbefl\u00e4chen mit dem Ziel, Qualit\u00e4t und Zuverl\u00e4ssigkeit zu gew\u00e4hrleisten.<\/p>\n\n\n\n<p style=\"font-size:16px\">Wir bieten ihnen die beste Kundenspezifischen L\u00f6sungen f\u00fcr ihr Projekt.<\/p>\n<\/div>\n\n\n\n<div class=\"wp-block-column is-layout-flow wp-block-column-is-layout-flow\"><h5 class=\"fonts-plugin-block \" style=\"font-weight: normal\">Service und Wartung<\/h5>\n\n\n<p style=\"font-size:16px\">Eine Regelm\u00e4\u00dfige und Sorgf\u00e4ltige Wartung ist unerl\u00e4sslich, damit ein St\u00f6rungsfreier betrieb gegen ist.<\/p>\n\n\n\n<p style=\"font-size:16px\">Wir beheben jedes Probleme Ihrer Ton-, Licht- und Medientechnik rasch und unkompliziert<\/p>\n<\/div>\n\n\n\n<div class=\"wp-block-column is-layout-flow wp-block-column-is-layout-flow\"><h5 class=\"fonts-plugin-block \" style=\"font-weight: normal\">Projekt Management<\/h5>\n\n\n<p class=\"has-text-align-left\" style=\"font-size:16px\">Audiovisuelles ist normalerweise der letzte Schritt bei einem Neubau oder einer Renovierung. Bei der Installation von Audio- und Videoger\u00e4ten muss der Projektmanager Verz\u00f6gerungen in jedem anderen Gewerbe ber\u00fccksichtigen und dennoch termingerecht oder vorzeitig liefern.<\/p>\n<\/div>\n<\/div>\n<\/div><\/div>\n\n\n\n<div class=\"wp-block-image\"><figure class=\"aligncenter size-large\"><img loading=\"lazy\" decoding=\"async\" width=\"1024\" height=\"460\" src=\"https:\/\/www.beatlight.at\/start\/wp-content\/uploads\/2022\/03\/Beatlight-chamsys-chauvet-seeburg-one-systems-ecler-misterdj-avaled-temas-brightsign-1024x460.png\" alt=\"\" class=\"wp-image-502\" srcset=\"https:\/\/www.beatlight.at\/start\/wp-content\/uploads\/2022\/03\/Beatlight-chamsys-chauvet-seeburg-one-systems-ecler-misterdj-avaled-temas-brightsign-1024x460.png 1024w, https:\/\/www.beatlight.at\/start\/wp-content\/uploads\/2022\/03\/Beatlight-chamsys-chauvet-seeburg-one-systems-ecler-misterdj-avaled-temas-brightsign-300x135.png 300w, https:\/\/www.beatlight.at\/start\/wp-content\/uploads\/2022\/03\/Beatlight-chamsys-chauvet-seeburg-one-systems-ecler-misterdj-avaled-temas-brightsign-768x345.png 768w, https:\/\/www.beatlight.at\/start\/wp-content\/uploads\/2022\/03\/Beatlight-chamsys-chauvet-seeburg-one-systems-ecler-misterdj-avaled-temas-brightsign-1200x539.png 1200w, https:\/\/www.beatlight.at\/start\/wp-content\/uploads\/2022\/03\/Beatlight-chamsys-chauvet-seeburg-one-systems-ecler-misterdj-avaled-temas-brightsign.png 1424w\" sizes=\"(max-width: 1024px) 100vw, 1024px\" \/><\/figure><\/div>\n","protected":false},"excerpt":{"rendered":"<p>Wir passen unsere L\u00f6sung Ihren ganz individuellen Bed\u00fcrfnissen&nbsp;an. Durch unsere Hauseigenen 3d Visualisierung mit Vectorworks sehen Sie bereits vorab zb das neue Lichtkonzept oder wie der Digital-Signage Monitor in Ihrer Location aussieht. Beatlight ist spezialisiert auf die Installation und Integration von Audio-, Video- und Beleuchtungssystemen f\u00fcr moderne Gewerbefl\u00e4chen mit dem Ziel, Qualit\u00e4t und Zuverl\u00e4ssigkeit zu [&hellip;]<\/p>\n","protected":false},"author":1,"featured_media":125,"parent":0,"menu_order":0,"comment_status":"closed","ping_status":"closed","template":"templates\/template-full-width.php","meta":{"footnotes":""},"class_list":["post-7","page","type-page","status-publish","has-post-thumbnail","hentry"],"_links":{"self":[{"href":"https:\/\/www.beatlight.at\/start\/wp-json\/wp\/v2\/pages\/7"}],"collection":[{"href":"https:\/\/www.beatlight.at\/start\/wp-json\/wp\/v2\/pages"}],"about":[{"href":"https:\/\/www.beatlight.at\/start\/wp-json\/wp\/v2\/types\/page"}],"author":[{"embeddable":true,"href":"https:\/\/www.beatlight.at\/start\/wp-json\/wp\/v2\/users\/1"}],"replies":[{"embeddable":true,"href":"https:\/\/www.beatlight.at\/start\/wp-json\/wp\/v2\/comments?post=7"}],"version-history":[{"count":87,"href":"https:\/\/www.beatlight.at\/start\/wp-json\/wp\/v2\/pages\/7\/revisions"}],"predecessor-version":[{"id":503,"href":"https:\/\/www.beatlight.at\/start\/wp-json\/wp\/v2\/pages\/7\/revisions\/503"}],"wp:featuredmedia":[{"embeddable":true,"href":"https:\/\/www.beatlight.at\/start\/wp-json\/wp\/v2\/media\/125"}],"wp:attachment":[{"href":"https:\/\/www.beatlight.at\/start\/wp-json\/wp\/v2\/media?parent=7"}],"curies":[{"name":"wp","href":"https:\/\/api.w.org\/{rel}","templated":true}]}}