{"id":322,"date":"2020-09-09T10:55:10","date_gmt":"2020-09-09T08:55:10","guid":{"rendered":"http:\/\/www.beatlight.at\/start\/?page_id=322"},"modified":"2020-10-08T21:51:47","modified_gmt":"2020-10-08T19:51:47","slug":"shop","status":"publish","type":"page","link":"https:\/\/www.beatlight.at\/start\/beispiel-seite\/shop\/","title":{"rendered":"Shop und Handel"},"content":{"rendered":"\n<div class=\"wp-block-group alignwide has-primary-background-color has-background\"><div class=\"wp-block-group__inner-container is-layout-flow wp-block-group-is-layout-flow\">\n<div class=\"wp-block-media-text alignfull is-stacked-on-mobile\"><figure class=\"wp-block-media-text__media\"><img loading=\"lazy\" decoding=\"async\" width=\"1024\" height=\"768\" src=\"http:\/\/www.beatlight.at\/start\/wp-content\/uploads\/2020\/10\/pexels-salah-alawadhi-382297.jpg\" alt=\"Shopping Mall Atmosph\u00e4re\" class=\"wp-image-368\" srcset=\"https:\/\/www.beatlight.at\/start\/wp-content\/uploads\/2020\/10\/pexels-salah-alawadhi-382297.jpg 1024w, https:\/\/www.beatlight.at\/start\/wp-content\/uploads\/2020\/10\/pexels-salah-alawadhi-382297-300x225.jpg 300w, https:\/\/www.beatlight.at\/start\/wp-content\/uploads\/2020\/10\/pexels-salah-alawadhi-382297-768x576.jpg 768w\" sizes=\"(max-width: 1024px) 100vw, 1024px\" \/><\/figure><div class=\"wp-block-media-text__content\">\n<p class=\"has-large-font-size\"><strong>Schaffen Sie eine besondere Atmosph\u00e4re, um Kunden f\u00fcr mehr Umsatz zu gewinnen<\/strong><\/p>\n\n\n\n<p class=\"has-small-font-size\">Audiovisuelle L\u00f6sungen helfen H\u00e4ndlern dabei, das Kundenerlebnis und das gesamte Verkaufsszenario zu ver\u00e4ndern, indem sie eine einzigartige Umgebung schaffen.<\/p>\n<\/div><\/div>\n\n\n\n<div style=\"height:100px\" aria-hidden=\"true\" class=\"wp-block-spacer\"><\/div>\n\n\n\n<p class=\"has-text-align-center has-larger-font-size\"><strong>Inspirieren Sie Ihre Kunden<br>und st\u00e4rken das Bewusstsein wieder bei Ihnen zu Kaufen<\/strong><\/p>\n\n\n\n<div style=\"height:100px\" aria-hidden=\"true\" class=\"wp-block-spacer\"><\/div>\n\n\n\n<div class=\"wp-block-columns alignfull is-layout-flex wp-container-core-columns-is-layout-1 wp-block-columns-is-layout-flex\">\n<div class=\"wp-block-column is-layout-flow wp-block-column-is-layout-flow\">\n<figure class=\"wp-block-image size-large\"><img loading=\"lazy\" decoding=\"async\" width=\"1024\" height=\"767\" src=\"http:\/\/www.beatlight.at\/start\/wp-content\/uploads\/2020\/10\/Multizone-Audio-System-AdobeStock_231000962-1024x767.png\" alt=\"\" class=\"wp-image-429\" srcset=\"https:\/\/www.beatlight.at\/start\/wp-content\/uploads\/2020\/10\/Multizone-Audio-System-AdobeStock_231000962-1024x767.png 1024w, https:\/\/www.beatlight.at\/start\/wp-content\/uploads\/2020\/10\/Multizone-Audio-System-AdobeStock_231000962-300x225.png 300w, https:\/\/www.beatlight.at\/start\/wp-content\/uploads\/2020\/10\/Multizone-Audio-System-AdobeStock_231000962-768x575.png 768w, https:\/\/www.beatlight.at\/start\/wp-content\/uploads\/2020\/10\/Multizone-Audio-System-AdobeStock_231000962-1536x1150.png 1536w, https:\/\/www.beatlight.at\/start\/wp-content\/uploads\/2020\/10\/Multizone-Audio-System-AdobeStock_231000962-1200x899.png 1200w, https:\/\/www.beatlight.at\/start\/wp-content\/uploads\/2020\/10\/Multizone-Audio-System-AdobeStock_231000962.png 1872w\" sizes=\"(max-width: 1024px) 100vw, 1024px\" \/><figcaption>Multi-Zone-Audio<\/figcaption><\/figure>\n\n\n\n<p class=\"has-normal-font-size\"><strong>Multi-Zone Audio Systeme<\/strong><\/p>\n\n\n\n<p class=\"has-small-font-size\">Erstklassige Audioprodukte wie Mehrzonenverst\u00e4rker, h\u00e4ngende Lautsprecher, Lautsprecher f\u00fcr Decken- und Wandmontage, Au\u00dfenlautsprecher und Lautst\u00e4rkeregler f\u00fcr die Fernbedienung.<\/p>\n<\/div>\n\n\n\n<div class=\"wp-block-column is-layout-flow wp-block-column-is-layout-flow\">\n<figure class=\"wp-block-image size-large\"><img loading=\"lazy\" decoding=\"async\" width=\"1024\" height=\"766\" src=\"http:\/\/www.beatlight.at\/start\/wp-content\/uploads\/2020\/09\/Shop-Handel-Digital-Signage-Display-1024x766.jpg\" alt=\"\" class=\"wp-image-362\" srcset=\"https:\/\/www.beatlight.at\/start\/wp-content\/uploads\/2020\/09\/Shop-Handel-Digital-Signage-Display-1024x766.jpg 1024w, https:\/\/www.beatlight.at\/start\/wp-content\/uploads\/2020\/09\/Shop-Handel-Digital-Signage-Display-300x224.jpg 300w, https:\/\/www.beatlight.at\/start\/wp-content\/uploads\/2020\/09\/Shop-Handel-Digital-Signage-Display-768x574.jpg 768w, https:\/\/www.beatlight.at\/start\/wp-content\/uploads\/2020\/09\/Shop-Handel-Digital-Signage-Display-1536x1148.jpg 1536w, https:\/\/www.beatlight.at\/start\/wp-content\/uploads\/2020\/09\/Shop-Handel-Digital-Signage-Display-1200x897.jpg 1200w, https:\/\/www.beatlight.at\/start\/wp-content\/uploads\/2020\/09\/Shop-Handel-Digital-Signage-Display.jpg 1942w\" sizes=\"(max-width: 1024px) 100vw, 1024px\" \/><figcaption>Digital Signage<\/figcaption><\/figure>\n\n\n\n<p class=\"has-normal-font-size\"><strong>Digital Signage Displays<\/strong><\/p>\n\n\n\n<p class=\"has-small-font-size\">Digital Signage am Point-of-Sale, interaktive Bildschirme, &#8222;in-Store-Radio&#8220; und Werbung im Gesch\u00e4ft sowie erweiterte Funktionen und Effektbeleuchtung sind weitere M\u00f6glichkeiten, um das Kundenerlebnis zu verbessern.<\/p>\n<\/div>\n\n\n\n<div class=\"wp-block-column is-layout-flow wp-block-column-is-layout-flow\">\n<figure class=\"wp-block-image size-large\"><img loading=\"lazy\" decoding=\"async\" width=\"1024\" height=\"736\" src=\"http:\/\/www.beatlight.at\/start\/wp-content\/uploads\/2020\/09\/Bildschirmfoto-2020-09-27-um-20.50.25-1024x736.png\" alt=\"\" class=\"wp-image-360\" srcset=\"https:\/\/www.beatlight.at\/start\/wp-content\/uploads\/2020\/09\/Bildschirmfoto-2020-09-27-um-20.50.25-1024x736.png 1024w, https:\/\/www.beatlight.at\/start\/wp-content\/uploads\/2020\/09\/Bildschirmfoto-2020-09-27-um-20.50.25-300x216.png 300w, https:\/\/www.beatlight.at\/start\/wp-content\/uploads\/2020\/09\/Bildschirmfoto-2020-09-27-um-20.50.25-768x552.png 768w, https:\/\/www.beatlight.at\/start\/wp-content\/uploads\/2020\/09\/Bildschirmfoto-2020-09-27-um-20.50.25-1536x1104.png 1536w, https:\/\/www.beatlight.at\/start\/wp-content\/uploads\/2020\/09\/Bildschirmfoto-2020-09-27-um-20.50.25-1200x862.png 1200w, https:\/\/www.beatlight.at\/start\/wp-content\/uploads\/2020\/09\/Bildschirmfoto-2020-09-27-um-20.50.25.png 1790w\" sizes=\"(max-width: 1024px) 100vw, 1024px\" \/><figcaption>LED Wall<\/figcaption><\/figure>\n\n\n\n<p class=\"has-normal-font-size\"><strong>LED Wall Werbung<\/strong><\/p>\n\n\n\n<p class=\"has-small-font-size\">Beindrucken Sie mit einer LED-Wall-Installation, die sofort auf Sie und Ihre Marke aufmerksam macht. Videowalls sprechen jeden an und inspirieren den der sie sieht.<\/p>\n<\/div>\n<\/div>\n\n\n\n<div style=\"height:100px\" aria-hidden=\"true\" class=\"wp-block-spacer\"><\/div>\n\n\n\n<div class=\"wp-block-media-text alignfull is-stacked-on-mobile\"><figure class=\"wp-block-media-text__media\"><\/figure><div class=\"wp-block-media-text__content\">\n<p class=\"has-large-font-size\"><\/p>\n<\/div><\/div>\n<\/div><\/div>\n","protected":false},"excerpt":{"rendered":"<p>Schaffen Sie eine besondere Atmosph\u00e4re, um Kunden f\u00fcr mehr Umsatz zu gewinnen Audiovisuelle L\u00f6sungen helfen H\u00e4ndlern dabei, das Kundenerlebnis und das gesamte Verkaufsszenario zu ver\u00e4ndern, indem sie eine einzigartige Umgebung schaffen. Inspirieren Sie Ihre Kundenund st\u00e4rken das Bewusstsein wieder bei Ihnen zu Kaufen Multi-Zone Audio Systeme Erstklassige Audioprodukte wie Mehrzonenverst\u00e4rker, h\u00e4ngende Lautsprecher, Lautsprecher f\u00fcr Decken- [&hellip;]<\/p>\n","protected":false},"author":1,"featured_media":0,"parent":2,"menu_order":4,"comment_status":"closed","ping_status":"closed","template":"","meta":{"footnotes":""},"class_list":["post-322","page","type-page","status-publish","hentry"],"_links":{"self":[{"href":"https:\/\/www.beatlight.at\/start\/wp-json\/wp\/v2\/pages\/322"}],"collection":[{"href":"https:\/\/www.beatlight.at\/start\/wp-json\/wp\/v2\/pages"}],"about":[{"href":"https:\/\/www.beatlight.at\/start\/wp-json\/wp\/v2\/types\/page"}],"author":[{"embeddable":true,"href":"https:\/\/www.beatlight.at\/start\/wp-json\/wp\/v2\/users\/1"}],"replies":[{"embeddable":true,"href":"https:\/\/www.beatlight.at\/start\/wp-json\/wp\/v2\/comments?post=322"}],"version-history":[{"count":17,"href":"https:\/\/www.beatlight.at\/start\/wp-json\/wp\/v2\/pages\/322\/revisions"}],"predecessor-version":[{"id":487,"href":"https:\/\/www.beatlight.at\/start\/wp-json\/wp\/v2\/pages\/322\/revisions\/487"}],"up":[{"embeddable":true,"href":"https:\/\/www.beatlight.at\/start\/wp-json\/wp\/v2\/pages\/2"}],"wp:attachment":[{"href":"https:\/\/www.beatlight.at\/start\/wp-json\/wp\/v2\/media?parent=322"}],"curies":[{"name":"wp","href":"https:\/\/api.w.org\/{rel}","templated":true}]}}