{"id":218,"date":"2020-08-19T19:00:30","date_gmt":"2020-08-19T17:00:30","guid":{"rendered":"http:\/\/www.beatlight.at\/start\/?page_id=218"},"modified":"2020-10-08T21:50:07","modified_gmt":"2020-10-08T19:50:07","slug":"hotellerie","status":"publish","type":"page","link":"https:\/\/www.beatlight.at\/start\/beispiel-seite\/hotellerie\/","title":{"rendered":"Hotellerie"},"content":{"rendered":"\n<div class=\"wp-block-group alignwide\"><div class=\"wp-block-group__inner-container is-layout-flow wp-block-group-is-layout-flow\">\n<div class=\"wp-block-group alignfull has-primary-background-color has-background\"><div class=\"wp-block-group__inner-container is-layout-flow wp-block-group-is-layout-flow\">\n<p class=\"has-text-align-center has-primary-background-color has-background\" style=\"font-size:40px\"><strong>Wir helfen die perfekte Umgebung f\u00fcr eine hervorragende Kundenerfahrung zu schaffen.<\/strong><\/p>\n\n\n\n<div style=\"height:69px\" aria-hidden=\"true\" class=\"wp-block-spacer\"><\/div>\n\n\n\n<div class=\"wp-block-media-text alignwide has-media-on-the-right is-stacked-on-mobile\"><figure class=\"wp-block-media-text__media\"><img loading=\"lazy\" decoding=\"async\" width=\"1024\" height=\"576\" src=\"http:\/\/www.beatlight.at\/start\/wp-content\/uploads\/2020\/08\/pexels-pixabay-260922-1024x576.jpg\" alt=\"\" class=\"wp-image-249\" srcset=\"https:\/\/www.beatlight.at\/start\/wp-content\/uploads\/2020\/08\/pexels-pixabay-260922-1024x576.jpg 1024w, https:\/\/www.beatlight.at\/start\/wp-content\/uploads\/2020\/08\/pexels-pixabay-260922-300x169.jpg 300w, https:\/\/www.beatlight.at\/start\/wp-content\/uploads\/2020\/08\/pexels-pixabay-260922-768x432.jpg 768w, https:\/\/www.beatlight.at\/start\/wp-content\/uploads\/2020\/08\/pexels-pixabay-260922-1536x864.jpg 1536w, https:\/\/www.beatlight.at\/start\/wp-content\/uploads\/2020\/08\/pexels-pixabay-260922-2048x1152.jpg 2048w, https:\/\/www.beatlight.at\/start\/wp-content\/uploads\/2020\/08\/pexels-pixabay-260922-1200x675.jpg 1200w, https:\/\/www.beatlight.at\/start\/wp-content\/uploads\/2020\/08\/pexels-pixabay-260922-1980x1114.jpg 1980w\" sizes=\"(max-width: 1024px) 100vw, 1024px\" \/><\/figure><div class=\"wp-block-media-text__content\">\n<p style=\"font-size:30px\"><strong>Hotel, Restaurant, Lounge und Hotelbar<\/strong><\/p>\n\n\n\n<p class=\"has-small-font-size\">Nichts bestimmt das Ambiente in einem Hotel, Restaurant oder einer Bar so gut wie ein erstklassiges Audio- , Licht- und Videosystem.  Sie wollen ein System installieren, das zum Design und zum Gesamtgef\u00fchl des Standorts passt, dann sind Sie bei uns genau richtig.<\/p>\n<\/div><\/div>\n\n\n\n<div style=\"height:99px\" aria-hidden=\"true\" class=\"wp-block-spacer\"><\/div>\n\n\n\n<div class=\"wp-block-media-text alignwide is-stacked-on-mobile\" style=\"grid-template-columns:46% auto\"><figure class=\"wp-block-media-text__media\"><img loading=\"lazy\" decoding=\"async\" width=\"1024\" height=\"636\" src=\"http:\/\/www.beatlight.at\/start\/wp-content\/uploads\/2020\/09\/Hotel-Digital-Signage-2048x1271-1-1024x636.png\" alt=\"\" class=\"wp-image-335\" srcset=\"https:\/\/www.beatlight.at\/start\/wp-content\/uploads\/2020\/09\/Hotel-Digital-Signage-2048x1271-1-1024x636.png 1024w, https:\/\/www.beatlight.at\/start\/wp-content\/uploads\/2020\/09\/Hotel-Digital-Signage-2048x1271-1-300x186.png 300w, https:\/\/www.beatlight.at\/start\/wp-content\/uploads\/2020\/09\/Hotel-Digital-Signage-2048x1271-1-768x477.png 768w, https:\/\/www.beatlight.at\/start\/wp-content\/uploads\/2020\/09\/Hotel-Digital-Signage-2048x1271-1-1536x953.png 1536w, https:\/\/www.beatlight.at\/start\/wp-content\/uploads\/2020\/09\/Hotel-Digital-Signage-2048x1271-1-1200x745.png 1200w, https:\/\/www.beatlight.at\/start\/wp-content\/uploads\/2020\/09\/Hotel-Digital-Signage-2048x1271-1-1980x1229.png 1980w, https:\/\/www.beatlight.at\/start\/wp-content\/uploads\/2020\/09\/Hotel-Digital-Signage-2048x1271-1.png 2048w\" sizes=\"(max-width: 1024px) 100vw, 1024px\" \/><\/figure><div class=\"wp-block-media-text__content\">\n<p class=\"has-text-align-right has-primary-background-color has-background\" style=\"font-size:27px\"><strong>Beeindrucken Sie ihre G\u00e4ste mit Digital Signage in Ihrer Lobby<\/strong><\/p>\n\n\n\n<p class=\"has-text-align-right has-small-font-size\">Erh\u00f6hen Sie Ihre Marketingwirkung und st\u00e4rken Sie die Wirkung Ihrer  Dienstleistungen und Angebote<\/p>\n<\/div><\/div>\n\n\n\n<div style=\"height:119px\" aria-hidden=\"true\" class=\"wp-block-spacer\"><\/div>\n\n\n\n<div class=\"wp-block-media-text alignwide has-media-on-the-right is-stacked-on-mobile\"><figure class=\"wp-block-media-text__media\"><img loading=\"lazy\" decoding=\"async\" width=\"1024\" height=\"684\" src=\"http:\/\/www.beatlight.at\/start\/wp-content\/uploads\/2020\/08\/pexels-photo-260689-1024x684.jpeg\" alt=\"\" class=\"wp-image-252\" srcset=\"https:\/\/www.beatlight.at\/start\/wp-content\/uploads\/2020\/08\/pexels-photo-260689-1024x684.jpeg 1024w, https:\/\/www.beatlight.at\/start\/wp-content\/uploads\/2020\/08\/pexels-photo-260689-300x200.jpeg 300w, https:\/\/www.beatlight.at\/start\/wp-content\/uploads\/2020\/08\/pexels-photo-260689-768x513.jpeg 768w, https:\/\/www.beatlight.at\/start\/wp-content\/uploads\/2020\/08\/pexels-photo-260689-1536x1025.jpeg 1536w, https:\/\/www.beatlight.at\/start\/wp-content\/uploads\/2020\/08\/pexels-photo-260689-2048x1367.jpeg 2048w, https:\/\/www.beatlight.at\/start\/wp-content\/uploads\/2020\/08\/pexels-photo-260689-1200x801.jpeg 1200w, https:\/\/www.beatlight.at\/start\/wp-content\/uploads\/2020\/08\/pexels-photo-260689-1980x1322.jpeg 1980w\" sizes=\"(max-width: 1024px) 100vw, 1024px\" \/><\/figure><div class=\"wp-block-media-text__content\">\n<p class=\"has-large-font-size\"><strong>Konferenz- und Meetingr\u00e4ume<\/strong><\/p>\n\n\n\n<p class=\"has-small-font-size\">Stellen Sie Ihren G\u00e4sten Konferenzeinrichtungen zur Verf\u00fcgung, die einfach zu bedienen und f\u00fcr Sie problemlos bereitzustellen und zu verwalten sind. Egal, ob es sich um einen speziellen Raum oder einen Gruppenraum handelt, erm\u00f6glichen Sie Ihren G\u00e4sten, Meetings innerhalb von Minuten einfach und intuitiv zu organisieren, um ihre Auslastung zu maximieren.<\/p>\n<\/div><\/div>\n\n\n\n<div style=\"height:100px\" aria-hidden=\"true\" class=\"wp-block-spacer\"><\/div>\n<\/div><\/div>\n<\/div><\/div>\n","protected":false},"excerpt":{"rendered":"<p>Wir helfen die perfekte Umgebung f\u00fcr eine hervorragende Kundenerfahrung zu schaffen. Hotel, Restaurant, Lounge und Hotelbar Nichts bestimmt das Ambiente in einem Hotel, Restaurant oder einer Bar so gut wie ein erstklassiges Audio- , Licht- und Videosystem. Sie wollen ein System installieren, das zum Design und zum Gesamtgef\u00fchl des Standorts passt, dann sind Sie bei [&hellip;]<\/p>\n","protected":false},"author":1,"featured_media":0,"parent":2,"menu_order":1,"comment_status":"closed","ping_status":"closed","template":"templates\/template-full-width.php","meta":{"footnotes":""},"class_list":["post-218","page","type-page","status-publish","hentry"],"_links":{"self":[{"href":"https:\/\/www.beatlight.at\/start\/wp-json\/wp\/v2\/pages\/218"}],"collection":[{"href":"https:\/\/www.beatlight.at\/start\/wp-json\/wp\/v2\/pages"}],"about":[{"href":"https:\/\/www.beatlight.at\/start\/wp-json\/wp\/v2\/types\/page"}],"author":[{"embeddable":true,"href":"https:\/\/www.beatlight.at\/start\/wp-json\/wp\/v2\/users\/1"}],"replies":[{"embeddable":true,"href":"https:\/\/www.beatlight.at\/start\/wp-json\/wp\/v2\/comments?post=218"}],"version-history":[{"count":55,"href":"https:\/\/www.beatlight.at\/start\/wp-json\/wp\/v2\/pages\/218\/revisions"}],"predecessor-version":[{"id":486,"href":"https:\/\/www.beatlight.at\/start\/wp-json\/wp\/v2\/pages\/218\/revisions\/486"}],"up":[{"embeddable":true,"href":"https:\/\/www.beatlight.at\/start\/wp-json\/wp\/v2\/pages\/2"}],"wp:attachment":[{"href":"https:\/\/www.beatlight.at\/start\/wp-json\/wp\/v2\/media?parent=218"}],"curies":[{"name":"wp","href":"https:\/\/api.w.org\/{rel}","templated":true}]}}