{"id":181,"date":"2020-04-30T23:11:35","date_gmt":"2020-04-30T21:11:35","guid":{"rendered":"http:\/\/www.beatlight.at\/start\/?page_id=181"},"modified":"2023-08-16T09:51:03","modified_gmt":"2023-08-16T07:51:03","slug":"impressum","status":"publish","type":"page","link":"https:\/\/www.beatlight.at\/start\/impressum\/","title":{"rendered":"Impressum"},"content":{"rendered":"\n<div class=\"wp-block-group\"><div class=\"wp-block-group__inner-container is-layout-flow wp-block-group-is-layout-flow\">\n<div class=\"wp-block-group has-primary-background-color has-background\"><div class=\"wp-block-group__inner-container is-layout-flow wp-block-group-is-layout-flow\">\n<div class=\"wp-block-group\"><div class=\"wp-block-group__inner-container is-layout-flow wp-block-group-is-layout-flow\">\n<p class=\"has-text-align-left\">Impressum<\/p>\n<\/div><\/div>\n\n\n\n<div class=\"wp-block-group\"><div class=\"wp-block-group__inner-container is-layout-flow wp-block-group-is-layout-flow\">\n<p style=\"font-size:16px\">Beatlight<br>Stefan Wahler<br>H\u00f6henweg 32<br>6150 Steinach<\/p>\n<\/div><\/div>\n\n\n\n<p style=\"font-size:16px\"><strong>Telefon:\u00a0<\/strong><a rel=\"noreferrer noopener\" href=\"tel:+4351237112010\" target=\"_blank\">+43 5272 25 100 10<\/a><\/p>\n\n\n\n<p style=\"font-size:16px\"><strong>E-Mail:<\/strong>&nbsp;kontakt@beatlight.at<\/p>\n\n\n\n<p style=\"font-size:16px\"><strong>UID:<\/strong>&nbsp;ATU65531329<\/p>\n\n\n\n<p style=\"font-size:16px\"><strong>Rechtsform:<\/strong>&nbsp;Einzelunternehmen<\/p>\n\n\n\n<p style=\"font-size:16px\"><strong>Verantwortlich f\u00fcr den Inhalt:<\/strong>&nbsp;Stefan Wahler<\/p>\n\n\n\n<div style=\"height:20px\" aria-hidden=\"true\" class=\"wp-block-spacer\"><\/div>\n\n\n\n<p style=\"font-size:16px\"><strong>Haftungsausschluss<\/strong><\/p>\n\n\n\n<p style=\"font-size:16px\">Trotz sorgf\u00e4ltiger Pr\u00fcfung k\u00f6nnen wir keine Haftung f\u00fcr die Inhalte externer Links \u00fcbernehmen.<br>F\u00fcr den Inhalt dieser Seiten sind ausschlie\u00dflich deren Betreiber verantwortlich.<\/p>\n\n\n\n<p style=\"font-size:16px\">Impressum und Firmendaten entsprechend \u00a75 Abs. 1 E-Commerce-Gesetz<\/p>\n\n\n\n<p style=\"font-size:16px\">Personenbezogene Kontaktdaten werden ausschlie\u00dflich zur Bearbeitung ihres Anliegens gespeichert.<\/p>\n\n\n\n<p style=\"font-size:16px\"><strong>Copyright und Links<\/strong>&nbsp;<\/p>\n\n\n\n<p style=\"font-size:16px\">Die Weiterverwendung und\/oder Vervielf\u00e4ltigung s\u00e4mtlicher oder einzelner Inhalte sowie die Darstellung dieser Seiten in Frames bedarf einer schriftlichen Erlaubnis. F\u00fcr alle Links, die zu externen Seiten f\u00fchren ist ausschlie\u00dflich der jeweilige Betreiber\/Webmaster der jeweiligen Seite verantwortlich. Die Betreiber dieser Website k\u00f6nnen in keinem Fall zur Verantwortung gezogen werden und distanzieren sich deutlich von allen Inhalten auf die diese Links verweisen.<\/p>\n\n\n\n<p style=\"font-size:16px\"><strong>Bildrechte<\/strong><\/p>\n\n\n\n<p style=\"font-size:16px\">Stefan Wahler, Adobe-Stock, Pexels<\/p>\n\n\n\n<p><\/p>\n\n\n\n<p style=\"font-size:16px\"><strong>Datenschutzerkl\u00e4rung<\/strong><\/p>\n\n\n\n<p style=\"font-size:16px\">Der Schutz Ihrer pers\u00f6nlichen Daten ist uns ein besonderes Anliegen. Wir verarbeiten Ihre Daten daher ausschlie\u00dflich auf Grundlage der gesetzlichen Bestimmungen (DSGVO, TKG 2003). In diesen Datenschutzinformationen informieren wir Sie \u00fcber die wichtigsten Aspekte der Datenverarbeitung im Rahmen unserer Website.<\/p>\n\n\n\n<p style=\"font-size:16px\"><strong>Cookies<\/strong><\/p>\n\n\n\n<p style=\"font-size:16px\">Unsere Website verwendet so genannte Cookies. Dabei handelt es sich um kleine Textdateien, die mit Hilfe des Browsers auf Ihrem Endger\u00e4t abgelegt werden. Sie richten keinen Schaden an. Wir nutzen Cookies dazu, unser Angebot nutzerfreundlich zu gestalten. Einige Cookies bleiben auf Ihrem Endger\u00e4t gespeichert, bis Sie diese l\u00f6schen. Sie erm\u00f6glichen es uns, Ihren Browser beim n\u00e4chsten Besuch wiederzuerkennen. Wenn Sie dies nicht w\u00fcnschen, so k\u00f6nnen Sie Ihren Browser so einrichten, dass er Sie \u00fcber das Setzen von Cookies informiert und Sie dies nur im Einzelfall erlauben. Bei der Deaktivierung von Cookies kann die Funktionalit\u00e4t unserer Website eingeschr\u00e4nkt sein.<\/p>\n\n\n\n<p style=\"font-size:16px\"><strong>Kontakt mit uns<\/strong><\/p>\n\n\n\n<p style=\"font-size:16px\">Wenn Sie per Formular auf der Website oder per E-Mail Kontakt mit uns aufnehmen, werden Ihre angegebenen Daten zwecks Bearbeitung der Anfrage und f\u00fcr den Fall von Anschlussfragen sechs Monate bei uns gespeichert. Diese Daten geben wir nicht ohne Ihre Einwilligung weiter.<\/p>\n\n\n\n<p style=\"font-size:16px\"><strong>Server-Log-Dateien<\/strong><\/p>\n\n\n\n<p style=\"font-size:16px\">Der Provider der Seiten erhebt und speichert automatisch Informationen in so genannten Server-Log-Dateien, die Ihr Browser automatisch an uns \u00fcbermittelt. Dies sind: die aufgerufenen Seite (URL); der Browser bzw. die Browserversion; das verwendete Betriebssystem; die Referrerer URL (die zuvor besuchte Seite); Hostname und IP-Adresse des zugreifenden Rechners; die Uhrzeit der Serveranfrage.<\/p>\n\n\n\n<div class=\"wp-block-group\"><div class=\"wp-block-group__inner-container is-layout-flow wp-block-group-is-layout-flow\"><\/div><\/div>\n\n\n\n<p style=\"font-size:16px\">Eine Zusammenf\u00fchrung dieser Daten mit anderen Datenquellen wird nicht vorgenommen. Grundlage f\u00fcr die Datenverarbeitung ist Art. 6 Abs. 1 lit. f DSGVO, der die Verarbeitung von Daten zur Erf\u00fcllung eines Vertrags oder vorvertraglicher Ma\u00dfnahmen gestattet.<\/p>\n\n\n\n<p style=\"font-size:16px\"><strong>Facebook<\/strong><\/p>\n\n\n\n<p style=\"font-size:16px\">Auf unseren Seiten k\u00f6nnen Plugins des sozialen Netzwerks Facebook, 1601 South California Avenue, Palo Alto, CA 94304, USA integriert sein. Sie erkennen die Plugins am Facebook-Logo oder dem Like\/Gef\u00e4lt mir-Button. Hier finden Sie eine \u00dcbersicht der Facebook-Plugins: <a href=\"http:\/\/developers.facebook.com\/docs\/plugins\/\">http:\/\/developers.facebook.com\/docs\/plugins\/<\/a>. Wenn Sie unsere Seiten besuchen, wird durch das Plugin eine Verbindung zwischen Ihrem Browser und dem Facebook-Server aufgebaut. Facebook erh\u00e4lt die Information, dass Sie unsere Website besucht haben. Wenn Sie das Facebook \u201eLike-Button\u201c anklicken w\u00e4hrend Sie in Ihrem Facebook-Account eingeloggt sind, k\u00f6nnen Sie unsere Seite auf Ihrem Facebook-Profil verlinken. Wir als Anbieter der Website keine Kenntnis vom Inhalt der \u00fcbermittelten Daten sowie deren Nutzung durch Facebook erhalten. Hier finden Sie weitere Informationen: <a href=\"https:\/\/de-de.facebook.com\/policy.php\">https:\/\/de-de.facebook.com\/policy.php<\/a><\/p>\n\n\n\n<p style=\"font-size:16px\">Wenn Sie nicht w\u00fcnschen, dass Facebook den Besuch unserer Seiten Ihrem Facebook-Nutzerkonto zuordnen kann, loggen Sie sich bitte aus Ihrem Facebook-Benutzerkonto aus.<\/p>\n\n\n\n<p style=\"font-size:16px\"><strong>Youtube<\/strong><\/p>\n\n\n\n<p style=\"font-size:16px\">Unserer Website beinhaltet auf manchen Unterseiten ein Plugin von YouTube, geh\u00f6rig zur Google Inc., ans\u00e4ssig in San Bruno\/Kalifornien, USA.\ufeff Sobald Sie eine Seite mit einem YouTube-Plugin aufrufen, wird eine Verbindung zu den YouTube-Servern aufgebaut. Dem Youtube-Server wird mitgeteilt, welche Unterseite unserer Website von Ihnen besucht wurde. Sollten Sie in Ihrem YouTube-Account eingeloggt sein, kann Youtube Ihr Surfverhalten direkt Ihrem Profil zuzuordnen. Sie k\u00f6nnen dies verhindern, wenn Sie sich bei Youtube aus Ihrem Account ausloggen. Weitere Informationen finden Sie unter <a href=\"https:\/\/www.youtube.com\/\">www.youtube.com<\/a>.<\/p>\n\n\n\n<p style=\"font-size:16px\"><strong>Ihre Rechte<\/strong><\/p>\n\n\n\n<p style=\"font-size:16px\">Ihnen stehen grunds\u00e4tzlich die Rechte auf Auskunft, Berichtigung, L\u00f6schung, Einschr\u00e4nkung, Daten\u00fcbertragbarkeit, Widerruf und Widerspruch zu. Wenn Sie glauben, dass die Verarbeitung Ihrer Daten gegen das Datenschutzrecht verst\u00f6\u00dft oder Ihre datenschutzrechtlichen Anspr\u00fcche sonst in einer Weise verletzt worden sind, k\u00f6nnen Sie sich bei der Aufsichtsbeh\u00f6rde beschweren. In \u00d6sterreich ist dies die Datenschutzbeh\u00f6rde.<\/p>\n<\/div><\/div>\n<\/div><\/div>\n","protected":false},"excerpt":{"rendered":"<p>Impressum BeatlightStefan WahlerH\u00f6henweg 326150 Steinach Telefon:\u00a0+43 5272 25 100 10 E-Mail:&nbsp;kontakt@beatlight.at UID:&nbsp;ATU65531329 Rechtsform:&nbsp;Einzelunternehmen Verantwortlich f\u00fcr den Inhalt:&nbsp;Stefan Wahler Haftungsausschluss Trotz sorgf\u00e4ltiger Pr\u00fcfung k\u00f6nnen wir keine Haftung f\u00fcr die Inhalte externer Links \u00fcbernehmen.F\u00fcr den Inhalt dieser Seiten sind ausschlie\u00dflich deren Betreiber verantwortlich. Impressum und Firmendaten entsprechend \u00a75 Abs. 1 E-Commerce-Gesetz Personenbezogene Kontaktdaten werden ausschlie\u00dflich zur Bearbeitung [&hellip;]<\/p>\n","protected":false},"author":1,"featured_media":0,"parent":0,"menu_order":0,"comment_status":"closed","ping_status":"closed","template":"","meta":{"footnotes":""},"class_list":["post-181","page","type-page","status-publish","hentry"],"_links":{"self":[{"href":"https:\/\/www.beatlight.at\/start\/wp-json\/wp\/v2\/pages\/181"}],"collection":[{"href":"https:\/\/www.beatlight.at\/start\/wp-json\/wp\/v2\/pages"}],"about":[{"href":"https:\/\/www.beatlight.at\/start\/wp-json\/wp\/v2\/types\/page"}],"author":[{"embeddable":true,"href":"https:\/\/www.beatlight.at\/start\/wp-json\/wp\/v2\/users\/1"}],"replies":[{"embeddable":true,"href":"https:\/\/www.beatlight.at\/start\/wp-json\/wp\/v2\/comments?post=181"}],"version-history":[{"count":12,"href":"https:\/\/www.beatlight.at\/start\/wp-json\/wp\/v2\/pages\/181\/revisions"}],"predecessor-version":[{"id":506,"href":"https:\/\/www.beatlight.at\/start\/wp-json\/wp\/v2\/pages\/181\/revisions\/506"}],"wp:attachment":[{"href":"https:\/\/www.beatlight.at\/start\/wp-json\/wp\/v2\/media?parent=181"}],"curies":[{"name":"wp","href":"https:\/\/api.w.org\/{rel}","templated":true}]}}